{"id":4508,"date":"2024-05-31T21:04:35","date_gmt":"2024-06-01T00:04:35","guid":{"rendered":"https:\/\/direccionario.com\/ar\/?page_id=4508"},"modified":"2024-05-31T21:45:00","modified_gmt":"2024-06-01T00:45:00","slug":"preguntas-mas-frecuentes","status":"publish","type":"page","link":"https:\/\/direccionario.com\/ar\/preguntas-mas-frecuentes\/","title":{"rendered":"Preguntas m\u00e1s frecuentes"},"content":{"rendered":"\t\t<div data-elementor-type=\"wp-page\" data-elementor-id=\"4508\" class=\"elementor elementor-4508\" data-elementor-post-type=\"page\">\n\t\t\t\t\t\t<section class=\"elementor-section elementor-top-section elementor-element elementor-element-f7172e0 elementor-section-boxed elementor-section-height-default elementor-section-height-default\" data-id=\"f7172e0\" data-element_type=\"section\" data-e-type=\"section\">\n\t\t\t\t\t\t<div class=\"elementor-container elementor-column-gap-default\">\n\t\t\t\t\t<div class=\"elementor-column elementor-col-33 elementor-top-column elementor-element elementor-element-46b0dc9\" data-id=\"46b0dc9\" data-element_type=\"column\" data-e-type=\"column\">\n\t\t\t<div class=\"elementor-widget-wrap elementor-element-populated\">\n\t\t\t\t\t\t<div class=\"elementor-element elementor-element-2508622 elementor-hidden-mobile elementor-widget elementor-widget-image\" data-id=\"2508622\" data-element_type=\"widget\" data-e-type=\"widget\" data-widget_type=\"image.default\">\n\t\t\t\t<div class=\"elementor-widget-container\">\n\t\t\t\t\t\t\t\t\t\t\t\t\t\t\t<img fetchpriority=\"high\" decoding=\"async\" width=\"1024\" height=\"1024\" src=\"https:\/\/direccionario.com\/ar\/wp-content\/uploads\/2024\/05\/Feb-Business_9-1024x1024.jpg\" class=\"attachment-large size-large wp-image-4484\" alt=\"\" srcset=\"https:\/\/direccionario.com\/ar\/wp-content\/uploads\/2024\/05\/Feb-Business_9-1024x1024.jpg 1024w, https:\/\/direccionario.com\/ar\/wp-content\/uploads\/2024\/05\/Feb-Business_9-300x300.jpg 300w, https:\/\/direccionario.com\/ar\/wp-content\/uploads\/2024\/05\/Feb-Business_9-150x150.jpg 150w, https:\/\/direccionario.com\/ar\/wp-content\/uploads\/2024\/05\/Feb-Business_9-768x768.jpg 768w, https:\/\/direccionario.com\/ar\/wp-content\/uploads\/2024\/05\/Feb-Business_9-1536x1536.jpg 1536w, https:\/\/direccionario.com\/ar\/wp-content\/uploads\/2024\/05\/Feb-Business_9-2048x2048.jpg 2048w, https:\/\/direccionario.com\/ar\/wp-content\/uploads\/2024\/05\/Feb-Business_9-60x60.jpg 60w, https:\/\/direccionario.com\/ar\/wp-content\/uploads\/2024\/05\/Feb-Business_9-600x600.jpg 600w, https:\/\/direccionario.com\/ar\/wp-content\/uploads\/2024\/05\/Feb-Business_9-100x100.jpg 100w\" sizes=\"(max-width: 1024px) 100vw, 1024px\" \/>\t\t\t\t\t\t\t\t\t\t\t\t\t\t\t<\/div>\n\t\t\t\t<\/div>\n\t\t\t\t\t<\/div>\n\t\t<\/div>\n\t\t\t\t<div class=\"elementor-column elementor-col-66 elementor-top-column elementor-element elementor-element-0787ab3\" data-id=\"0787ab3\" data-element_type=\"column\" data-e-type=\"column\">\n\t\t\t<div class=\"elementor-widget-wrap elementor-element-populated\">\n\t\t\t\t\t\t<div class=\"elementor-element elementor-element-37ffd54 elementor-widget elementor-widget-accordion\" data-id=\"37ffd54\" data-element_type=\"widget\" data-e-type=\"widget\" data-widget_type=\"accordion.default\">\n\t\t\t\t<div class=\"elementor-widget-container\">\n\t\t\t\t\t\t\t<div class=\"elementor-accordion\">\n\t\t\t\t\t\t\t<div class=\"elementor-accordion-item\">\n\t\t\t\t\t<div id=\"elementor-tab-title-5871\" class=\"elementor-tab-title\" data-tab=\"1\" role=\"button\" aria-controls=\"elementor-tab-content-5871\" aria-expanded=\"false\">\n\t\t\t\t\t\t\t\t\t\t\t\t\t<span class=\"elementor-accordion-icon elementor-accordion-icon-left\" aria-hidden=\"true\">\n\t\t\t\t\t\t\t\t\t\t\t\t\t\t\t<span class=\"elementor-accordion-icon-closed\"><svg class=\"e-font-icon-svg e-fas-folder\" viewBox=\"0 0 512 512\" xmlns=\"http:\/\/www.w3.org\/2000\/svg\"><path d=\"M464 128H272l-64-64H48C21.49 64 0 85.49 0 112v288c0 26.51 21.49 48 48 48h416c26.51 0 48-21.49 48-48V176c0-26.51-21.49-48-48-48z\"><\/path><\/svg><\/span>\n\t\t\t\t\t\t\t\t<span class=\"elementor-accordion-icon-opened\"><svg class=\"e-font-icon-svg e-fas-folder-open\" viewBox=\"0 0 576 512\" xmlns=\"http:\/\/www.w3.org\/2000\/svg\"><path d=\"M572.694 292.093L500.27 416.248A63.997 63.997 0 0 1 444.989 448H45.025c-18.523 0-30.064-20.093-20.731-36.093l72.424-124.155A64 64 0 0 1 152 256h399.964c18.523 0 30.064 20.093 20.73 36.093zM152 224h328v-48c0-26.51-21.49-48-48-48H272l-64-64H48C21.49 64 0 85.49 0 112v278.046l69.077-118.418C86.214 242.25 117.989 224 152 224z\"><\/path><\/svg><\/span>\n\t\t\t\t\t\t\t\t\t\t\t\t\t\t<\/span>\n\t\t\t\t\t\t\t\t\t\t\t\t<a class=\"elementor-accordion-title\" tabindex=\"0\">\u00bfQu\u00e9 es Direccionario.com?<\/a>\n\t\t\t\t\t<\/div>\n\t\t\t\t\t<div id=\"elementor-tab-content-5871\" class=\"elementor-tab-content elementor-clearfix\" data-tab=\"1\" role=\"region\" aria-labelledby=\"elementor-tab-title-5871\"><p>Direccionario.com es un directorio en l\u00ednea que promueve negocios en diversas categor\u00edas, permitiendo a las empresas registrar y publicar anuncios para destacar sus servicios.<\/p><\/div>\n\t\t\t\t<\/div>\n\t\t\t\t\t\t\t<div class=\"elementor-accordion-item\">\n\t\t\t\t\t<div id=\"elementor-tab-title-5872\" class=\"elementor-tab-title\" data-tab=\"2\" role=\"button\" aria-controls=\"elementor-tab-content-5872\" aria-expanded=\"false\">\n\t\t\t\t\t\t\t\t\t\t\t\t\t<span class=\"elementor-accordion-icon elementor-accordion-icon-left\" aria-hidden=\"true\">\n\t\t\t\t\t\t\t\t\t\t\t\t\t\t\t<span class=\"elementor-accordion-icon-closed\"><svg class=\"e-font-icon-svg e-fas-folder\" viewBox=\"0 0 512 512\" xmlns=\"http:\/\/www.w3.org\/2000\/svg\"><path d=\"M464 128H272l-64-64H48C21.49 64 0 85.49 0 112v288c0 26.51 21.49 48 48 48h416c26.51 0 48-21.49 48-48V176c0-26.51-21.49-48-48-48z\"><\/path><\/svg><\/span>\n\t\t\t\t\t\t\t\t<span class=\"elementor-accordion-icon-opened\"><svg class=\"e-font-icon-svg e-fas-folder-open\" viewBox=\"0 0 576 512\" xmlns=\"http:\/\/www.w3.org\/2000\/svg\"><path d=\"M572.694 292.093L500.27 416.248A63.997 63.997 0 0 1 444.989 448H45.025c-18.523 0-30.064-20.093-20.731-36.093l72.424-124.155A64 64 0 0 1 152 256h399.964c18.523 0 30.064 20.093 20.73 36.093zM152 224h328v-48c0-26.51-21.49-48-48-48H272l-64-64H48C21.49 64 0 85.49 0 112v278.046l69.077-118.418C86.214 242.25 117.989 224 152 224z\"><\/path><\/svg><\/span>\n\t\t\t\t\t\t\t\t\t\t\t\t\t\t<\/span>\n\t\t\t\t\t\t\t\t\t\t\t\t<a class=\"elementor-accordion-title\" tabindex=\"0\">\u00bfC\u00f3mo puedo registrar mi negocio en Direccionario.com?<\/a>\n\t\t\t\t\t<\/div>\n\t\t\t\t\t<div id=\"elementor-tab-content-5872\" class=\"elementor-tab-content elementor-clearfix\" data-tab=\"2\" role=\"region\" aria-labelledby=\"elementor-tab-title-5872\"><p>Para registrar tu negocio, visita la p\u00e1gina, crea una cuenta, selecciona la categor\u00eda de tu negocio, completa la informaci\u00f3n requerida y publica tu anuncio.<\/p><\/div>\n\t\t\t\t<\/div>\n\t\t\t\t\t\t\t<div class=\"elementor-accordion-item\">\n\t\t\t\t\t<div id=\"elementor-tab-title-5873\" class=\"elementor-tab-title\" data-tab=\"3\" role=\"button\" aria-controls=\"elementor-tab-content-5873\" aria-expanded=\"false\">\n\t\t\t\t\t\t\t\t\t\t\t\t\t<span class=\"elementor-accordion-icon elementor-accordion-icon-left\" aria-hidden=\"true\">\n\t\t\t\t\t\t\t\t\t\t\t\t\t\t\t<span class=\"elementor-accordion-icon-closed\"><svg class=\"e-font-icon-svg e-fas-folder\" viewBox=\"0 0 512 512\" xmlns=\"http:\/\/www.w3.org\/2000\/svg\"><path d=\"M464 128H272l-64-64H48C21.49 64 0 85.49 0 112v288c0 26.51 21.49 48 48 48h416c26.51 0 48-21.49 48-48V176c0-26.51-21.49-48-48-48z\"><\/path><\/svg><\/span>\n\t\t\t\t\t\t\t\t<span class=\"elementor-accordion-icon-opened\"><svg class=\"e-font-icon-svg e-fas-folder-open\" viewBox=\"0 0 576 512\" xmlns=\"http:\/\/www.w3.org\/2000\/svg\"><path d=\"M572.694 292.093L500.27 416.248A63.997 63.997 0 0 1 444.989 448H45.025c-18.523 0-30.064-20.093-20.731-36.093l72.424-124.155A64 64 0 0 1 152 256h399.964c18.523 0 30.064 20.093 20.73 36.093zM152 224h328v-48c0-26.51-21.49-48-48-48H272l-64-64H48C21.49 64 0 85.49 0 112v278.046l69.077-118.418C86.214 242.25 117.989 224 152 224z\"><\/path><\/svg><\/span>\n\t\t\t\t\t\t\t\t\t\t\t\t\t\t<\/span>\n\t\t\t\t\t\t\t\t\t\t\t\t<a class=\"elementor-accordion-title\" tabindex=\"0\">\u00bfQu\u00e9 beneficios ofrece Direccionario.com a los negocios?<\/a>\n\t\t\t\t\t<\/div>\n\t\t\t\t\t<div id=\"elementor-tab-content-5873\" class=\"elementor-tab-content elementor-clearfix\" data-tab=\"3\" role=\"region\" aria-labelledby=\"elementor-tab-title-5873\"><p>Direccionario.com ofrece visibilidad en l\u00ednea, permite destacarse mediante anuncios premium y facilita la conexi\u00f3n con clientes potenciales en diferentes \u00e1reas de Argentina.<\/p><\/div>\n\t\t\t\t<\/div>\n\t\t\t\t\t\t\t<div class=\"elementor-accordion-item\">\n\t\t\t\t\t<div id=\"elementor-tab-title-5874\" class=\"elementor-tab-title\" data-tab=\"4\" role=\"button\" aria-controls=\"elementor-tab-content-5874\" aria-expanded=\"false\">\n\t\t\t\t\t\t\t\t\t\t\t\t\t<span class=\"elementor-accordion-icon elementor-accordion-icon-left\" aria-hidden=\"true\">\n\t\t\t\t\t\t\t\t\t\t\t\t\t\t\t<span class=\"elementor-accordion-icon-closed\"><svg class=\"e-font-icon-svg e-fas-folder\" viewBox=\"0 0 512 512\" xmlns=\"http:\/\/www.w3.org\/2000\/svg\"><path d=\"M464 128H272l-64-64H48C21.49 64 0 85.49 0 112v288c0 26.51 21.49 48 48 48h416c26.51 0 48-21.49 48-48V176c0-26.51-21.49-48-48-48z\"><\/path><\/svg><\/span>\n\t\t\t\t\t\t\t\t<span class=\"elementor-accordion-icon-opened\"><svg class=\"e-font-icon-svg e-fas-folder-open\" viewBox=\"0 0 576 512\" xmlns=\"http:\/\/www.w3.org\/2000\/svg\"><path d=\"M572.694 292.093L500.27 416.248A63.997 63.997 0 0 1 444.989 448H45.025c-18.523 0-30.064-20.093-20.731-36.093l72.424-124.155A64 64 0 0 1 152 256h399.964c18.523 0 30.064 20.093 20.73 36.093zM152 224h328v-48c0-26.51-21.49-48-48-48H272l-64-64H48C21.49 64 0 85.49 0 112v278.046l69.077-118.418C86.214 242.25 117.989 224 152 224z\"><\/path><\/svg><\/span>\n\t\t\t\t\t\t\t\t\t\t\t\t\t\t<\/span>\n\t\t\t\t\t\t\t\t\t\t\t\t<a class=\"elementor-accordion-title\" tabindex=\"0\">\u00bfCu\u00e1les son algunas de las categor\u00edas disponibles en Direccionario.com?<\/a>\n\t\t\t\t\t<\/div>\n\t\t\t\t\t<div id=\"elementor-tab-content-5874\" class=\"elementor-tab-content elementor-clearfix\" data-tab=\"4\" role=\"region\" aria-labelledby=\"elementor-tab-title-5874\"><p>Las categor\u00edas incluyen alojamientos, construcci\u00f3n, educaci\u00f3n, eventos, gastronom\u00eda, salud y belleza, entre otras.<\/p><\/div>\n\t\t\t\t<\/div>\n\t\t\t\t\t\t\t<div class=\"elementor-accordion-item\">\n\t\t\t\t\t<div id=\"elementor-tab-title-5875\" class=\"elementor-tab-title\" data-tab=\"5\" role=\"button\" aria-controls=\"elementor-tab-content-5875\" aria-expanded=\"false\">\n\t\t\t\t\t\t\t\t\t\t\t\t\t<span class=\"elementor-accordion-icon elementor-accordion-icon-left\" aria-hidden=\"true\">\n\t\t\t\t\t\t\t\t\t\t\t\t\t\t\t<span class=\"elementor-accordion-icon-closed\"><svg class=\"e-font-icon-svg e-fas-folder\" viewBox=\"0 0 512 512\" xmlns=\"http:\/\/www.w3.org\/2000\/svg\"><path d=\"M464 128H272l-64-64H48C21.49 64 0 85.49 0 112v288c0 26.51 21.49 48 48 48h416c26.51 0 48-21.49 48-48V176c0-26.51-21.49-48-48-48z\"><\/path><\/svg><\/span>\n\t\t\t\t\t\t\t\t<span class=\"elementor-accordion-icon-opened\"><svg class=\"e-font-icon-svg e-fas-folder-open\" viewBox=\"0 0 576 512\" xmlns=\"http:\/\/www.w3.org\/2000\/svg\"><path d=\"M572.694 292.093L500.27 416.248A63.997 63.997 0 0 1 444.989 448H45.025c-18.523 0-30.064-20.093-20.731-36.093l72.424-124.155A64 64 0 0 1 152 256h399.964c18.523 0 30.064 20.093 20.73 36.093zM152 224h328v-48c0-26.51-21.49-48-48-48H272l-64-64H48C21.49 64 0 85.49 0 112v278.046l69.077-118.418C86.214 242.25 117.989 224 152 224z\"><\/path><\/svg><\/span>\n\t\t\t\t\t\t\t\t\t\t\t\t\t\t<\/span>\n\t\t\t\t\t\t\t\t\t\t\t\t<a class=\"elementor-accordion-title\" tabindex=\"0\">\u00bfC\u00f3mo puede un negocio destacarse en Direccionario.com?<\/a>\n\t\t\t\t\t<\/div>\n\t\t\t\t\t<div id=\"elementor-tab-content-5875\" class=\"elementor-tab-content elementor-clearfix\" data-tab=\"5\" role=\"region\" aria-labelledby=\"elementor-tab-title-5875\"><p>Un negocio puede destacarse mediante anuncios premium, optimizando su perfil con im\u00e1genes y detalles atractivos, y utilizando servicios adicionales ofrecidos por la plataforma.<\/p><\/div>\n\t\t\t\t<\/div>\n\t\t\t\t\t\t\t\t\t\t<script type=\"application\/ld+json\">{\"@context\":\"https:\\\/\\\/schema.org\",\"@type\":\"FAQPage\",\"mainEntity\":[{\"@type\":\"Question\",\"name\":\"\\u00bfQu\\u00e9 es Direccionario.com?\",\"acceptedAnswer\":{\"@type\":\"Answer\",\"text\":\"<p>Direccionario.com es un directorio en l\\u00ednea que promueve negocios en diversas categor\\u00edas, permitiendo a las empresas registrar y publicar anuncios para destacar sus servicios.<\\\/p>\"}},{\"@type\":\"Question\",\"name\":\"\\u00bfC\\u00f3mo puedo registrar mi negocio en Direccionario.com?\",\"acceptedAnswer\":{\"@type\":\"Answer\",\"text\":\"<p>Para registrar tu negocio, visita la p\\u00e1gina, crea una cuenta, selecciona la categor\\u00eda de tu negocio, completa la informaci\\u00f3n requerida y publica tu anuncio.<\\\/p>\"}},{\"@type\":\"Question\",\"name\":\"\\u00bfQu\\u00e9 beneficios ofrece Direccionario.com a los negocios?\",\"acceptedAnswer\":{\"@type\":\"Answer\",\"text\":\"<p>Direccionario.com ofrece visibilidad en l\\u00ednea, permite destacarse mediante anuncios premium y facilita la conexi\\u00f3n con clientes potenciales en diferentes \\u00e1reas de Argentina.<\\\/p>\"}},{\"@type\":\"Question\",\"name\":\"\\u00bfCu\\u00e1les son algunas de las categor\\u00edas disponibles en Direccionario.com?\",\"acceptedAnswer\":{\"@type\":\"Answer\",\"text\":\"<p>Las categor\\u00edas incluyen alojamientos, construcci\\u00f3n, educaci\\u00f3n, eventos, gastronom\\u00eda, salud y belleza, entre otras.<\\\/p>\"}},{\"@type\":\"Question\",\"name\":\"\\u00bfC\\u00f3mo puede un negocio destacarse en Direccionario.com?\",\"acceptedAnswer\":{\"@type\":\"Answer\",\"text\":\"<p>Un negocio puede destacarse mediante anuncios premium, optimizando su perfil con im\\u00e1genes y detalles atractivos, y utilizando servicios adicionales ofrecidos por la plataforma.<\\\/p>\"}}]}<\/script>\n\t\t\t\t\t<\/div>\n\t\t\t\t\t\t<\/div>\n\t\t\t\t<\/div>\n\t\t\t\t\t<\/div>\n\t\t<\/div>\n\t\t\t\t\t<\/div>\n\t\t<\/section>\n\t\t\t\t<\/div>\n\t\t","protected":false},"excerpt":{"rendered":"<p>\u00bfQu\u00e9 es Direccionario.com? Direccionario.com es un directorio en l\u00ednea que promueve negocios en diversas categor\u00edas, permitiendo a las empresas registrar y publicar anuncios para destacar sus servicios. \u00bfC\u00f3mo puedo registrar mi negocio en Direccionario.com? Para registrar tu negocio, visita la p\u00e1gina, crea una cuenta, selecciona la categor\u00eda de tu negocio, completa la informaci\u00f3n requerida y [&hellip;]<\/p>\n","protected":false},"author":1,"featured_media":0,"parent":0,"menu_order":0,"comment_status":"closed","ping_status":"closed","template":"","meta":{"pmpro_default_level":"","_monsterinsights_skip_tracking":false,"_monsterinsights_sitenote_active":false,"_monsterinsights_sitenote_note":"","_monsterinsights_sitenote_category":0,"footnotes":""},"class_list":["post-4508","page","type-page","status-publish","hentry","pmpro-has-access"],"yoast_head":"<!-- This site is optimized with the Yoast SEO Premium plugin v22.8 (Yoast SEO v27.4) - https:\/\/yoast.com\/product\/yoast-seo-premium-wordpress\/ -->\n<title>Preguntas m\u00e1s frecuentes | Direccionario<\/title>\n<meta name=\"robots\" content=\"index, follow, max-snippet:-1, max-image-preview:large, max-video-preview:-1\" \/>\n<link rel=\"canonical\" href=\"https:\/\/direccionario.com\/ar\/preguntas-mas-frecuentes\/\" \/>\n<meta property=\"og:locale\" content=\"es_ES\" \/>\n<meta property=\"og:type\" content=\"article\" \/>\n<meta property=\"og:title\" content=\"Preguntas m\u00e1s frecuentes\" \/>\n<meta property=\"og:description\" content=\"Clientes que vuelven, negocios que crecen\" \/>\n<meta property=\"og:url\" content=\"https:\/\/direccionario.com\/ar\/preguntas-mas-frecuentes\/\" \/>\n<meta property=\"og:site_name\" content=\"Direccionario\" \/>\n<meta property=\"article:publisher\" content=\"https:\/\/www.facebook.com\/direccionario\" \/>\n<meta property=\"article:modified_time\" content=\"2024-06-01T00:45:00+00:00\" \/>\n<meta property=\"og:image\" content=\"https:\/\/direccionario.com\/ar\/wp-content\/uploads\/2024\/05\/Feb-Business_9-1024x1024.jpg\" \/>\n<meta name=\"twitter:card\" content=\"summary_large_image\" \/>\n<meta name=\"twitter:site\" content=\"@direccionario\" \/>\n<meta name=\"twitter:label1\" content=\"Tiempo de lectura\" \/>\n\t<meta name=\"twitter:data1\" content=\"1 minuto\" \/>\n<script type=\"application\/ld+json\" class=\"yoast-schema-graph\">{\"@context\":\"https:\\\/\\\/schema.org\",\"@graph\":[{\"@type\":\"WebPage\",\"@id\":\"https:\\\/\\\/direccionario.com\\\/ar\\\/preguntas-mas-frecuentes\\\/\",\"url\":\"https:\\\/\\\/direccionario.com\\\/ar\\\/preguntas-mas-frecuentes\\\/\",\"name\":\"Preguntas m\u00e1s frecuentes | Direccionario\",\"isPartOf\":{\"@id\":\"https:\\\/\\\/direccionario.com\\\/ar\\\/#website\"},\"primaryImageOfPage\":{\"@id\":\"https:\\\/\\\/direccionario.com\\\/ar\\\/preguntas-mas-frecuentes\\\/#primaryimage\"},\"image\":{\"@id\":\"https:\\\/\\\/direccionario.com\\\/ar\\\/preguntas-mas-frecuentes\\\/#primaryimage\"},\"thumbnailUrl\":\"https:\\\/\\\/direccionario.com\\\/ar\\\/wp-content\\\/uploads\\\/2024\\\/05\\\/Feb-Business_9-1024x1024.jpg\",\"datePublished\":\"2024-06-01T00:04:35+00:00\",\"dateModified\":\"2024-06-01T00:45:00+00:00\",\"breadcrumb\":{\"@id\":\"https:\\\/\\\/direccionario.com\\\/ar\\\/preguntas-mas-frecuentes\\\/#breadcrumb\"},\"inLanguage\":\"es\",\"potentialAction\":[{\"@type\":\"ReadAction\",\"target\":[\"https:\\\/\\\/direccionario.com\\\/ar\\\/preguntas-mas-frecuentes\\\/\"]}]},{\"@type\":\"ImageObject\",\"inLanguage\":\"es\",\"@id\":\"https:\\\/\\\/direccionario.com\\\/ar\\\/preguntas-mas-frecuentes\\\/#primaryimage\",\"url\":\"https:\\\/\\\/direccionario.com\\\/ar\\\/wp-content\\\/uploads\\\/2024\\\/05\\\/Feb-Business_9-scaled.jpg\",\"contentUrl\":\"https:\\\/\\\/direccionario.com\\\/ar\\\/wp-content\\\/uploads\\\/2024\\\/05\\\/Feb-Business_9-scaled.jpg\",\"width\":2560,\"height\":2560,\"caption\":\"No idea, has questions, answers, search engines, internet, has answers, everything, confused, computers, laptops, people, career, occupation, happy, leisure, lifestyle, character, person, woman, female, pose, acting, posture, gesture, vector, illustration, flat, design, cartoon, clipart, drawin\"},{\"@type\":\"BreadcrumbList\",\"@id\":\"https:\\\/\\\/direccionario.com\\\/ar\\\/preguntas-mas-frecuentes\\\/#breadcrumb\",\"itemListElement\":[{\"@type\":\"ListItem\",\"position\":1,\"name\":\"Portada\",\"item\":\"https:\\\/\\\/direccionario.com\\\/ar\\\/\"},{\"@type\":\"ListItem\",\"position\":2,\"name\":\"Preguntas m\u00e1s frecuentes\"}]},{\"@type\":\"WebSite\",\"@id\":\"https:\\\/\\\/direccionario.com\\\/ar\\\/#website\",\"url\":\"https:\\\/\\\/direccionario.com\\\/ar\\\/\",\"name\":\"Direccionario\",\"description\":\"Clientes que vuelven, negocios que crecen\",\"publisher\":{\"@id\":\"https:\\\/\\\/direccionario.com\\\/ar\\\/#organization\"},\"potentialAction\":[{\"@type\":\"SearchAction\",\"target\":{\"@type\":\"EntryPoint\",\"urlTemplate\":\"https:\\\/\\\/direccionario.com\\\/ar\\\/?s={search_term_string}\"},\"query-input\":{\"@type\":\"PropertyValueSpecification\",\"valueRequired\":true,\"valueName\":\"search_term_string\"}}],\"inLanguage\":\"es\"},{\"@type\":\"Organization\",\"@id\":\"https:\\\/\\\/direccionario.com\\\/ar\\\/#organization\",\"name\":\"Direccionario\",\"url\":\"https:\\\/\\\/direccionario.com\\\/ar\\\/\",\"logo\":{\"@type\":\"ImageObject\",\"inLanguage\":\"es\",\"@id\":\"https:\\\/\\\/direccionario.com\\\/ar\\\/#\\\/schema\\\/logo\\\/image\\\/\",\"url\":\"https:\\\/\\\/direccionario.com\\\/ar\\\/wp-content\\\/uploads\\\/2024\\\/01\\\/logo-direccionario.png\",\"contentUrl\":\"https:\\\/\\\/direccionario.com\\\/ar\\\/wp-content\\\/uploads\\\/2024\\\/01\\\/logo-direccionario.png\",\"width\":500,\"height\":500,\"caption\":\"Direccionario\"},\"image\":{\"@id\":\"https:\\\/\\\/direccionario.com\\\/ar\\\/#\\\/schema\\\/logo\\\/image\\\/\"},\"sameAs\":[\"https:\\\/\\\/www.facebook.com\\\/direccionario\",\"https:\\\/\\\/x.com\\\/direccionario\",\"https:\\\/\\\/www.instagram.com\\\/direccionario\"]}]}<\/script>\n<!-- \/ Yoast SEO Premium plugin. -->","yoast_head_json":{"title":"Preguntas m\u00e1s frecuentes | Direccionario","robots":{"index":"index","follow":"follow","max-snippet":"max-snippet:-1","max-image-preview":"max-image-preview:large","max-video-preview":"max-video-preview:-1"},"canonical":"https:\/\/direccionario.com\/ar\/preguntas-mas-frecuentes\/","og_locale":"es_ES","og_type":"article","og_title":"Preguntas m\u00e1s frecuentes","og_description":"Clientes que vuelven, negocios que crecen","og_url":"https:\/\/direccionario.com\/ar\/preguntas-mas-frecuentes\/","og_site_name":"Direccionario","article_publisher":"https:\/\/www.facebook.com\/direccionario","article_modified_time":"2024-06-01T00:45:00+00:00","og_image":[{"url":"https:\/\/direccionario.com\/ar\/wp-content\/uploads\/2024\/05\/Feb-Business_9-1024x1024.jpg","type":"","width":"","height":""}],"twitter_card":"summary_large_image","twitter_site":"@direccionario","twitter_misc":{"Tiempo de lectura":"1 minuto"},"schema":{"@context":"https:\/\/schema.org","@graph":[{"@type":"WebPage","@id":"https:\/\/direccionario.com\/ar\/preguntas-mas-frecuentes\/","url":"https:\/\/direccionario.com\/ar\/preguntas-mas-frecuentes\/","name":"Preguntas m\u00e1s frecuentes | Direccionario","isPartOf":{"@id":"https:\/\/direccionario.com\/ar\/#website"},"primaryImageOfPage":{"@id":"https:\/\/direccionario.com\/ar\/preguntas-mas-frecuentes\/#primaryimage"},"image":{"@id":"https:\/\/direccionario.com\/ar\/preguntas-mas-frecuentes\/#primaryimage"},"thumbnailUrl":"https:\/\/direccionario.com\/ar\/wp-content\/uploads\/2024\/05\/Feb-Business_9-1024x1024.jpg","datePublished":"2024-06-01T00:04:35+00:00","dateModified":"2024-06-01T00:45:00+00:00","breadcrumb":{"@id":"https:\/\/direccionario.com\/ar\/preguntas-mas-frecuentes\/#breadcrumb"},"inLanguage":"es","potentialAction":[{"@type":"ReadAction","target":["https:\/\/direccionario.com\/ar\/preguntas-mas-frecuentes\/"]}]},{"@type":"ImageObject","inLanguage":"es","@id":"https:\/\/direccionario.com\/ar\/preguntas-mas-frecuentes\/#primaryimage","url":"https:\/\/direccionario.com\/ar\/wp-content\/uploads\/2024\/05\/Feb-Business_9-scaled.jpg","contentUrl":"https:\/\/direccionario.com\/ar\/wp-content\/uploads\/2024\/05\/Feb-Business_9-scaled.jpg","width":2560,"height":2560,"caption":"No idea, has questions, answers, search engines, internet, has answers, everything, confused, computers, laptops, people, career, occupation, happy, leisure, lifestyle, character, person, woman, female, pose, acting, posture, gesture, vector, illustration, flat, design, cartoon, clipart, drawin"},{"@type":"BreadcrumbList","@id":"https:\/\/direccionario.com\/ar\/preguntas-mas-frecuentes\/#breadcrumb","itemListElement":[{"@type":"ListItem","position":1,"name":"Portada","item":"https:\/\/direccionario.com\/ar\/"},{"@type":"ListItem","position":2,"name":"Preguntas m\u00e1s frecuentes"}]},{"@type":"WebSite","@id":"https:\/\/direccionario.com\/ar\/#website","url":"https:\/\/direccionario.com\/ar\/","name":"Direccionario","description":"Clientes que vuelven, negocios que crecen","publisher":{"@id":"https:\/\/direccionario.com\/ar\/#organization"},"potentialAction":[{"@type":"SearchAction","target":{"@type":"EntryPoint","urlTemplate":"https:\/\/direccionario.com\/ar\/?s={search_term_string}"},"query-input":{"@type":"PropertyValueSpecification","valueRequired":true,"valueName":"search_term_string"}}],"inLanguage":"es"},{"@type":"Organization","@id":"https:\/\/direccionario.com\/ar\/#organization","name":"Direccionario","url":"https:\/\/direccionario.com\/ar\/","logo":{"@type":"ImageObject","inLanguage":"es","@id":"https:\/\/direccionario.com\/ar\/#\/schema\/logo\/image\/","url":"https:\/\/direccionario.com\/ar\/wp-content\/uploads\/2024\/01\/logo-direccionario.png","contentUrl":"https:\/\/direccionario.com\/ar\/wp-content\/uploads\/2024\/01\/logo-direccionario.png","width":500,"height":500,"caption":"Direccionario"},"image":{"@id":"https:\/\/direccionario.com\/ar\/#\/schema\/logo\/image\/"},"sameAs":["https:\/\/www.facebook.com\/direccionario","https:\/\/x.com\/direccionario","https:\/\/www.instagram.com\/direccionario"]}]}},"_links":{"self":[{"href":"https:\/\/direccionario.com\/ar\/wp-json\/wp\/v2\/pages\/4508","targetHints":{"allow":["GET"]}}],"collection":[{"href":"https:\/\/direccionario.com\/ar\/wp-json\/wp\/v2\/pages"}],"about":[{"href":"https:\/\/direccionario.com\/ar\/wp-json\/wp\/v2\/types\/page"}],"author":[{"embeddable":true,"href":"https:\/\/direccionario.com\/ar\/wp-json\/wp\/v2\/users\/1"}],"replies":[{"embeddable":true,"href":"https:\/\/direccionario.com\/ar\/wp-json\/wp\/v2\/comments?post=4508"}],"version-history":[{"count":66,"href":"https:\/\/direccionario.com\/ar\/wp-json\/wp\/v2\/pages\/4508\/revisions"}],"predecessor-version":[{"id":4581,"href":"https:\/\/direccionario.com\/ar\/wp-json\/wp\/v2\/pages\/4508\/revisions\/4581"}],"wp:attachment":[{"href":"https:\/\/direccionario.com\/ar\/wp-json\/wp\/v2\/media?parent=4508"}],"curies":[{"name":"wp","href":"https:\/\/api.w.org\/{rel}","templated":true}]}}