{"id":4712,"date":"2024-06-07T16:36:19","date_gmt":"2024-06-07T19:36:19","guid":{"rendered":"https:\/\/direccionario.com\/ar\/?page_id=4712"},"modified":"2024-06-07T16:54:52","modified_gmt":"2024-06-07T19:54:52","slug":"politica-de-privacidad","status":"publish","type":"page","link":"https:\/\/direccionario.com\/ar\/politica-de-privacidad\/","title":{"rendered":"Pol\u00edtica de Privacidad"},"content":{"rendered":"\t\t<div data-elementor-type=\"wp-page\" data-elementor-id=\"4712\" class=\"elementor elementor-4712\" data-elementor-post-type=\"page\">\n\t\t\t\t\t\t<section class=\"elementor-section elementor-top-section elementor-element elementor-element-9a697fd elementor-section-boxed elementor-section-height-default elementor-section-height-default\" data-id=\"9a697fd\" data-element_type=\"section\" data-e-type=\"section\">\n\t\t\t\t\t\t<div class=\"elementor-container elementor-column-gap-default\">\n\t\t\t\t\t<div class=\"elementor-column elementor-col-100 elementor-top-column elementor-element elementor-element-9d786af\" data-id=\"9d786af\" data-element_type=\"column\" data-e-type=\"column\">\n\t\t\t<div class=\"elementor-widget-wrap elementor-element-populated\">\n\t\t\t\t\t\t<div class=\"elementor-element elementor-element-a0294fd elementor-widget elementor-widget-heading\" data-id=\"a0294fd\" data-element_type=\"widget\" data-e-type=\"widget\" data-widget_type=\"heading.default\">\n\t\t\t\t<div class=\"elementor-widget-container\">\n\t\t\t\t\t<h1 class=\"elementor-heading-title elementor-size-default\">Pol\u00edtica de Privacidad<\/h1>\t\t\t\t<\/div>\n\t\t\t\t<\/div>\n\t\t\t\t\t<\/div>\n\t\t<\/div>\n\t\t\t\t\t<\/div>\n\t\t<\/section>\n\t\t\t\t<section class=\"elementor-section elementor-top-section elementor-element elementor-element-bdc465a elementor-section-boxed elementor-section-height-default elementor-section-height-default\" data-id=\"bdc465a\" data-element_type=\"section\" data-e-type=\"section\">\n\t\t\t\t\t\t<div class=\"elementor-container elementor-column-gap-default\">\n\t\t\t\t\t<div class=\"elementor-column elementor-col-66 elementor-top-column elementor-element elementor-element-2928d0a\" data-id=\"2928d0a\" data-element_type=\"column\" data-e-type=\"column\">\n\t\t\t<div class=\"elementor-widget-wrap elementor-element-populated\">\n\t\t\t\t\t\t<div class=\"elementor-element elementor-element-f8948b2 elementor-widget elementor-widget-text-editor\" data-id=\"f8948b2\" data-element_type=\"widget\" data-e-type=\"widget\" data-widget_type=\"text-editor.default\">\n\t\t\t\t<div class=\"elementor-widget-container\">\n\t\t\t\t\t\t\t\t\t<h2 id=\"h-1-introduccion\" class=\"wp-block-heading\">1. Introducci\u00f3n<\/h2>\n<p>Bienvenido a Direccionario. Nos comprometemos a proteger y respetar su privacidad. Esta Pol\u00edtica de Privacidad explica c\u00f3mo recopilamos, usamos, compartimos y protegemos su informaci\u00f3n personal cuando visita nuestro sitio web https:\/\/www.direccionario.com (el \u201cSitio\u201d).<\/p>\n<h2 id=\"h-2-informacion-que-recopilamos\" class=\"wp-block-heading\">2. Informaci\u00f3n que Recopilamos<\/h2>\n<p>Podemos recopilar y procesar los siguientes datos sobre usted:<\/p>\n<h3 id=\"h-2-1-informacion-que-nos-proporciona\" class=\"wp-block-heading\">2.1 Informaci\u00f3n que nos Proporciona<\/h3>\n<ul>\n<li><span style=\"font-weight: bolder; color: var(--color-dark);\">Datos de contacto<\/span>: nombre, direcci\u00f3n de correo electr\u00f3nico, n\u00famero de tel\u00e9fono.<\/li>\n<li><span style=\"font-weight: bolder; color: var(--color-dark);\">Informaci\u00f3n de la cuenta<\/span>: detalles de inicio de sesi\u00f3n, preferencias de usuario.<\/li>\n<li><span style=\"font-weight: bolder; color: var(--color-dark);\">Contenido<\/span>: cualquier contenido que env\u00ede a trav\u00e9s de formularios de contacto, comentarios, o rese\u00f1as.<\/li>\n<\/ul>\n<h3 id=\"h-2-2-informacion-que-recopilamos-automaticamente\" class=\"wp-block-heading\">2.2 Informaci\u00f3n que Recopilamos Autom\u00e1ticamente<\/h3>\n<ul>\n<li><span style=\"font-weight: bolder; color: var(--color-dark);\">Datos de uso<\/span>: detalles de sus visitas al Sitio, incluyendo datos de tr\u00e1fico, ubicaci\u00f3n, weblogs y otros datos de comunicaci\u00f3n.<\/li>\n<li><span style=\"font-weight: bolder; color: var(--color-dark);\">Cookies<\/span>: utilizamos cookies para mejorar su experiencia en el Sitio. Para m\u00e1s informaci\u00f3n, consulte nuestra <a href=\"https:\/\/direccionario.com\/ar\/politica-de-cookies\/\">Pol\u00edtica de Cookies<\/a>.<\/li>\n<\/ul>\n<h2 id=\"h-3-como-usamos-su-informacion\" class=\"wp-block-heading\">3. C\u00f3mo Usamos su Informaci\u00f3n<\/h2>\n<p>Usamos la informaci\u00f3n que recopilamos de las siguientes maneras:<\/p>\n<ul>\n<li><span style=\"font-weight: bolder; color: var(--color-dark);\">Para proporcionar y mejorar nuestros servicios<\/span>: asegurarnos de que el contenido del Sitio se presente de la manera m\u00e1s efectiva para usted y su dispositivo.<\/li>\n<li><span style=\"font-weight: bolder; color: var(--color-dark);\">Para la gesti\u00f3n de la cuenta<\/span>: crear y administrar su cuenta, procesar pagos y proporcionarle el servicio al cliente.<\/li>\n<li><span style=\"font-weight: bolder; color: var(--color-dark);\">Para la comunicaci\u00f3n<\/span>: enviarle informaci\u00f3n sobre nuestros servicios, actualizaciones, y responder a sus consultas y solicitudes.<\/li>\n<li><span style=\"font-weight: bolder; color: var(--color-dark);\">Para el an\u00e1lisis<\/span>: entender y analizar c\u00f3mo usa nuestro Sitio, para mejorar nuestros productos y servicios.<\/li>\n<\/ul>\n<h2 id=\"h-4-compartir-su-informacion\" class=\"wp-block-heading\">4. Compartir su Informaci\u00f3n<\/h2>\n<p>No vendemos, alquilamos ni intercambiamos su informaci\u00f3n personal con terceros. Podemos compartir su informaci\u00f3n con:<\/p>\n<ul>\n<li><span style=\"font-weight: bolder; color: var(--color-dark);\">Proveedores de servicios<\/span>: que nos ayudan a operar nuestro negocio, como proveedores de servicios de alojamiento, an\u00e1lisis de datos y servicios al cliente.<\/li>\n<li><span style=\"font-weight: bolder; color: var(--color-dark);\">Cumplimiento legal<\/span>: si se nos requiere por ley, o para proteger nuestros derechos y propiedades.<\/li>\n<\/ul>\n<h2 id=\"h-5-seguridad-de-la-informacion\" class=\"wp-block-heading\">5. Seguridad de la Informaci\u00f3n<\/h2>\n<p>Implementamos medidas de seguridad para proteger su informaci\u00f3n personal contra acceso no autorizado, alteraci\u00f3n, divulgaci\u00f3n o destrucci\u00f3n. Sin embargo, ning\u00fan m\u00e9todo de transmisi\u00f3n por Internet o almacenamiento electr\u00f3nico es 100% seguro.<\/p>\n<h2 id=\"h-6-sus-derechos\" class=\"wp-block-heading\">6. Sus Derechos<\/h2>\n<p>Tiene derecho a acceder, rectificar o eliminar su informaci\u00f3n personal. Tambi\u00e9n puede oponerse al procesamiento de sus datos y solicitar la limitaci\u00f3n del mismo. Para ejercer estos derechos, por favor cont\u00e1ctenos en hola@direccionario.com.<\/p>\n<h2 id=\"h-7-cambios-en-esta-politica\" class=\"wp-block-heading\">7. Cambios en esta Pol\u00edtica<\/h2>\n<p>Podemos actualizar esta Pol\u00edtica de Privacidad de vez en cuando. Le notificaremos sobre cualquier cambio publicando la nueva pol\u00edtica en esta p\u00e1gina. Le recomendamos revisar esta pol\u00edtica peri\u00f3dicamente.<\/p>\n<h2 id=\"h-8-contacto\" class=\"wp-block-heading\">8. Contacto<\/h2>\n<p>Si tiene alguna pregunta o inquietud sobre esta Pol\u00edtica de Privacidad, por favor cont\u00e1ctenos en:<\/p>\n<p>Direccionario<br>hola@direccionario.com<br>Whatsapp: +54 9 11 2518-4041<\/p>\t\t\t\t\t\t\t\t<\/div>\n\t\t\t\t<\/div>\n\t\t\t\t\t<\/div>\n\t\t<\/div>\n\t\t\t\t<div class=\"elementor-column elementor-col-33 elementor-top-column elementor-element elementor-element-bc06ff7\" data-id=\"bc06ff7\" data-element_type=\"column\" data-e-type=\"column\">\n\t\t\t<div class=\"elementor-widget-wrap\">\n\t\t\t\t\t\t\t<\/div>\n\t\t<\/div>\n\t\t\t\t\t<\/div>\n\t\t<\/section>\n\t\t\t\t<\/div>\n\t\t","protected":false},"excerpt":{"rendered":"<p>Pol\u00edtica de Privacidad 1. Introducci\u00f3n Bienvenido a Direccionario. Nos comprometemos a proteger y respetar su privacidad. Esta Pol\u00edtica de Privacidad explica c\u00f3mo recopilamos, usamos, compartimos y protegemos su informaci\u00f3n personal cuando visita nuestro sitio web https:\/\/www.direccionario.com (el \u201cSitio\u201d). 2. Informaci\u00f3n que Recopilamos Podemos recopilar y procesar los siguientes datos sobre usted: 2.1 Informaci\u00f3n que nos [&hellip;]<\/p>\n","protected":false},"author":1,"featured_media":0,"parent":0,"menu_order":0,"comment_status":"closed","ping_status":"closed","template":"elementor_theme","meta":{"pmpro_default_level":"","_monsterinsights_skip_tracking":false,"_monsterinsights_sitenote_active":false,"_monsterinsights_sitenote_note":"","_monsterinsights_sitenote_category":0,"footnotes":""},"class_list":["post-4712","page","type-page","status-publish","hentry","pmpro-has-access"],"yoast_head":"<!-- This site is optimized with the Yoast SEO Premium plugin v22.8 (Yoast SEO v27.4) - https:\/\/yoast.com\/product\/yoast-seo-premium-wordpress\/ -->\n<title>Pol\u00edtica de Privacidad | Direccionario<\/title>\n<meta name=\"robots\" content=\"index, follow, max-snippet:-1, max-image-preview:large, max-video-preview:-1\" \/>\n<link rel=\"canonical\" href=\"https:\/\/direccionario.com\/ar\/politica-de-privacidad\/\" \/>\n<meta property=\"og:locale\" content=\"es_ES\" \/>\n<meta property=\"og:type\" content=\"article\" \/>\n<meta property=\"og:title\" content=\"Pol\u00edtica de Privacidad\" \/>\n<meta property=\"og:description\" content=\"Clientes que vuelven, negocios que crecen\" \/>\n<meta property=\"og:url\" content=\"https:\/\/direccionario.com\/ar\/politica-de-privacidad\/\" \/>\n<meta property=\"og:site_name\" content=\"Direccionario\" \/>\n<meta property=\"article:publisher\" content=\"https:\/\/www.facebook.com\/direccionario\" \/>\n<meta property=\"article:modified_time\" content=\"2024-06-07T19:54:52+00:00\" \/>\n<meta property=\"og:image\" content=\"https:\/\/direccionario.com\/ar\/wp-content\/uploads\/2024\/01\/cropped-direccionario-1200.png\" \/>\n\t<meta property=\"og:image:width\" content=\"1200\" \/>\n\t<meta property=\"og:image:height\" content=\"294\" \/>\n\t<meta property=\"og:image:type\" content=\"image\/png\" \/>\n<meta name=\"twitter:card\" content=\"summary_large_image\" \/>\n<meta name=\"twitter:site\" content=\"@direccionario\" \/>\n<meta name=\"twitter:label1\" content=\"Tiempo de lectura\" \/>\n\t<meta name=\"twitter:data1\" content=\"2 minutos\" \/>\n<script type=\"application\/ld+json\" class=\"yoast-schema-graph\">{\"@context\":\"https:\\\/\\\/schema.org\",\"@graph\":[{\"@type\":\"WebPage\",\"@id\":\"https:\\\/\\\/direccionario.com\\\/ar\\\/politica-de-privacidad\\\/\",\"url\":\"https:\\\/\\\/direccionario.com\\\/ar\\\/politica-de-privacidad\\\/\",\"name\":\"Pol\u00edtica de Privacidad | Direccionario\",\"isPartOf\":{\"@id\":\"https:\\\/\\\/direccionario.com\\\/ar\\\/#website\"},\"datePublished\":\"2024-06-07T19:36:19+00:00\",\"dateModified\":\"2024-06-07T19:54:52+00:00\",\"breadcrumb\":{\"@id\":\"https:\\\/\\\/direccionario.com\\\/ar\\\/politica-de-privacidad\\\/#breadcrumb\"},\"inLanguage\":\"es\",\"potentialAction\":[{\"@type\":\"ReadAction\",\"target\":[\"https:\\\/\\\/direccionario.com\\\/ar\\\/politica-de-privacidad\\\/\"]}]},{\"@type\":\"BreadcrumbList\",\"@id\":\"https:\\\/\\\/direccionario.com\\\/ar\\\/politica-de-privacidad\\\/#breadcrumb\",\"itemListElement\":[{\"@type\":\"ListItem\",\"position\":1,\"name\":\"Portada\",\"item\":\"https:\\\/\\\/direccionario.com\\\/ar\\\/\"},{\"@type\":\"ListItem\",\"position\":2,\"name\":\"Pol\u00edtica de Privacidad\"}]},{\"@type\":\"WebSite\",\"@id\":\"https:\\\/\\\/direccionario.com\\\/ar\\\/#website\",\"url\":\"https:\\\/\\\/direccionario.com\\\/ar\\\/\",\"name\":\"Direccionario\",\"description\":\"Clientes que vuelven, negocios que crecen\",\"publisher\":{\"@id\":\"https:\\\/\\\/direccionario.com\\\/ar\\\/#organization\"},\"potentialAction\":[{\"@type\":\"SearchAction\",\"target\":{\"@type\":\"EntryPoint\",\"urlTemplate\":\"https:\\\/\\\/direccionario.com\\\/ar\\\/?s={search_term_string}\"},\"query-input\":{\"@type\":\"PropertyValueSpecification\",\"valueRequired\":true,\"valueName\":\"search_term_string\"}}],\"inLanguage\":\"es\"},{\"@type\":\"Organization\",\"@id\":\"https:\\\/\\\/direccionario.com\\\/ar\\\/#organization\",\"name\":\"Direccionario\",\"url\":\"https:\\\/\\\/direccionario.com\\\/ar\\\/\",\"logo\":{\"@type\":\"ImageObject\",\"inLanguage\":\"es\",\"@id\":\"https:\\\/\\\/direccionario.com\\\/ar\\\/#\\\/schema\\\/logo\\\/image\\\/\",\"url\":\"https:\\\/\\\/direccionario.com\\\/ar\\\/wp-content\\\/uploads\\\/2024\\\/01\\\/logo-direccionario.png\",\"contentUrl\":\"https:\\\/\\\/direccionario.com\\\/ar\\\/wp-content\\\/uploads\\\/2024\\\/01\\\/logo-direccionario.png\",\"width\":500,\"height\":500,\"caption\":\"Direccionario\"},\"image\":{\"@id\":\"https:\\\/\\\/direccionario.com\\\/ar\\\/#\\\/schema\\\/logo\\\/image\\\/\"},\"sameAs\":[\"https:\\\/\\\/www.facebook.com\\\/direccionario\",\"https:\\\/\\\/x.com\\\/direccionario\",\"https:\\\/\\\/www.instagram.com\\\/direccionario\"]}]}<\/script>\n<!-- \/ Yoast SEO Premium plugin. -->","yoast_head_json":{"title":"Pol\u00edtica de Privacidad | Direccionario","robots":{"index":"index","follow":"follow","max-snippet":"max-snippet:-1","max-image-preview":"max-image-preview:large","max-video-preview":"max-video-preview:-1"},"canonical":"https:\/\/direccionario.com\/ar\/politica-de-privacidad\/","og_locale":"es_ES","og_type":"article","og_title":"Pol\u00edtica de Privacidad","og_description":"Clientes que vuelven, negocios que crecen","og_url":"https:\/\/direccionario.com\/ar\/politica-de-privacidad\/","og_site_name":"Direccionario","article_publisher":"https:\/\/www.facebook.com\/direccionario","article_modified_time":"2024-06-07T19:54:52+00:00","og_image":[{"width":1200,"height":294,"url":"https:\/\/direccionario.com\/ar\/wp-content\/uploads\/2024\/01\/cropped-direccionario-1200.png","type":"image\/png"}],"twitter_card":"summary_large_image","twitter_site":"@direccionario","twitter_misc":{"Tiempo de lectura":"2 minutos"},"schema":{"@context":"https:\/\/schema.org","@graph":[{"@type":"WebPage","@id":"https:\/\/direccionario.com\/ar\/politica-de-privacidad\/","url":"https:\/\/direccionario.com\/ar\/politica-de-privacidad\/","name":"Pol\u00edtica de Privacidad | Direccionario","isPartOf":{"@id":"https:\/\/direccionario.com\/ar\/#website"},"datePublished":"2024-06-07T19:36:19+00:00","dateModified":"2024-06-07T19:54:52+00:00","breadcrumb":{"@id":"https:\/\/direccionario.com\/ar\/politica-de-privacidad\/#breadcrumb"},"inLanguage":"es","potentialAction":[{"@type":"ReadAction","target":["https:\/\/direccionario.com\/ar\/politica-de-privacidad\/"]}]},{"@type":"BreadcrumbList","@id":"https:\/\/direccionario.com\/ar\/politica-de-privacidad\/#breadcrumb","itemListElement":[{"@type":"ListItem","position":1,"name":"Portada","item":"https:\/\/direccionario.com\/ar\/"},{"@type":"ListItem","position":2,"name":"Pol\u00edtica de Privacidad"}]},{"@type":"WebSite","@id":"https:\/\/direccionario.com\/ar\/#website","url":"https:\/\/direccionario.com\/ar\/","name":"Direccionario","description":"Clientes que vuelven, negocios que crecen","publisher":{"@id":"https:\/\/direccionario.com\/ar\/#organization"},"potentialAction":[{"@type":"SearchAction","target":{"@type":"EntryPoint","urlTemplate":"https:\/\/direccionario.com\/ar\/?s={search_term_string}"},"query-input":{"@type":"PropertyValueSpecification","valueRequired":true,"valueName":"search_term_string"}}],"inLanguage":"es"},{"@type":"Organization","@id":"https:\/\/direccionario.com\/ar\/#organization","name":"Direccionario","url":"https:\/\/direccionario.com\/ar\/","logo":{"@type":"ImageObject","inLanguage":"es","@id":"https:\/\/direccionario.com\/ar\/#\/schema\/logo\/image\/","url":"https:\/\/direccionario.com\/ar\/wp-content\/uploads\/2024\/01\/logo-direccionario.png","contentUrl":"https:\/\/direccionario.com\/ar\/wp-content\/uploads\/2024\/01\/logo-direccionario.png","width":500,"height":500,"caption":"Direccionario"},"image":{"@id":"https:\/\/direccionario.com\/ar\/#\/schema\/logo\/image\/"},"sameAs":["https:\/\/www.facebook.com\/direccionario","https:\/\/x.com\/direccionario","https:\/\/www.instagram.com\/direccionario"]}]}},"_links":{"self":[{"href":"https:\/\/direccionario.com\/ar\/wp-json\/wp\/v2\/pages\/4712","targetHints":{"allow":["GET"]}}],"collection":[{"href":"https:\/\/direccionario.com\/ar\/wp-json\/wp\/v2\/pages"}],"about":[{"href":"https:\/\/direccionario.com\/ar\/wp-json\/wp\/v2\/types\/page"}],"author":[{"embeddable":true,"href":"https:\/\/direccionario.com\/ar\/wp-json\/wp\/v2\/users\/1"}],"replies":[{"embeddable":true,"href":"https:\/\/direccionario.com\/ar\/wp-json\/wp\/v2\/comments?post=4712"}],"version-history":[{"count":16,"href":"https:\/\/direccionario.com\/ar\/wp-json\/wp\/v2\/pages\/4712\/revisions"}],"predecessor-version":[{"id":4738,"href":"https:\/\/direccionario.com\/ar\/wp-json\/wp\/v2\/pages\/4712\/revisions\/4738"}],"wp:attachment":[{"href":"https:\/\/direccionario.com\/ar\/wp-json\/wp\/v2\/media?parent=4712"}],"curies":[{"name":"wp","href":"https:\/\/api.w.org\/{rel}","templated":true}]}}